{"id":360,"date":"2022-02-07T09:43:14","date_gmt":"2022-02-07T09:43:14","guid":{"rendered":"https:\/\/rentautomotocalador.com\/allgemeine-bedingungen"},"modified":"2025-02-04T10:45:19","modified_gmt":"2025-02-04T10:45:19","slug":"allgemeine-bedingungen","status":"publish","type":"page","link":"https:\/\/rentautomotocalador.com\/de\/allgemeine-bedingungen\/","title":{"rendered":"ALLGEMEINE BEDINGUNGEN"},"content":{"rendered":"<p>[et_pb_section fb_built=\"1\" _builder_version=\"4.16\" _module_preset=\"default\" global_colors_info=\"{}\"][et_pb_row _builder_version=\"4.16\" _module_preset=\"default\" global_colors_info=\"{}\"][et_pb_column type=\"4_4\" _builder_version=\"4.16\" _module_preset=\"default\" global_colors_info=\"{}\"][et_pb_text _builder_version=\"4.27.4\" _module_preset=\"default\" text_orientation=\"justified\" animation_style=\"fold\" hover_enabled=\"0\" global_colors_info=\"{}\" sticky_enabled=\"0\"]<\/p>\n<h1>ALLGEMEINE BEDINGUNGEN<\/h1>\n<p>&nbsp;<\/p>\n<ol>\n<li><strong>NUTZUNGSBEDINGUNGEN<\/strong>. In \u00dcbereinstimmung mit dem Gesetz 34\/2002 vom 11. Juli \u00fcber Dienste der Informationsgesellschaft und den elektronischen Handel informiert Sie RENT AUTO MOTO S.L.U., dass es Eigent\u00fcmer der Website <a href=\"https:\/\/rentautomotocalador.com\/?lang=de\" target=\"_blank\" rel=\"noopener\">rentautomotocalador.com<\/a>. Gem\u00e4\u00df der Anforderung von Artikel 10 des oben genannten Gesetzes verpflichtet sich RENT AUTO MOTO S.L.U. informiert \u00fcber die folgenden Daten: Der Eigent\u00fcmer dieser Website ist RENT AUTO MOTO SLUM mit CIF B07167406 und Sitz C\/ S'Espalmador n\u00ba 28 07660 Cala d'Or (MALLORCA), eingetragen im Handelsregister in Band 560, Seite 134 Blatt n\u00ba 12375, Registrierung 1. Die E-Mail-Adresse zur Kontaktaufnahme mit dem Unternehmen lautet: \u00a0<a href=\"mailto:info@rentautomotocalador.com\" target=\"_blank\" rel=\"noopener\">info@rentautomotocalador.com<\/a><\/li>\n<li><strong>GARANTIERTE FAHRZEUGKATEGORIE<\/strong>. Bei der Reservierung einer Fahrzeugkategorie werden Ihnen bestimmte Eigenschaften zugesichert, die von unserem Service erf\u00fcllt werden. Innerhalb jeder Kategorie kann es verschiedene Automodelle geben, f\u00fcr die dieses Modell NICHT garantiert werden kann. Bei Lieferung eines Fahrzeugs einer h\u00f6heren Kategorie fallen keine zus\u00e4tzlichen Kosten an. Ebenso k\u00f6nnen wir die Art des Kraftstoffs oder die Farbe des Autos nicht garantieren.<\/li>\n<li><strong>UNSERE PREISE<\/strong>. Der Endpreis der \u00fcber unsere Website vorgenommenen Reservierung beinhaltet die Miete, die CDW- und SCDW-Versicherung, zuz\u00fcglich Mehrwertsteuer. Wenn Sie andere Dienstleistungen anfordern, die eine zus\u00e4tzliche Geb\u00fchr beinhalten, werden diese im endg\u00fcltigen Angebot ber\u00fccksichtigt. In keinem Fall sind Kraftstoff, Bu\u00dfgelder und Abschleppgeb\u00fchren bei einem vom Fahrer verursachten Unfall enthalten.<\/li>\n<li><strong>ALLGEMEINE VERSICHERUNGSBEDINGUNGEN<\/strong>. Der Versicherungsschutz f\u00fcr das Mietfahrzeug reicht bis zu einer Haftpflichtversicherung mit maximal 50 Millionen Euro. Ausgenommen von der Versicherung ist die Verwendung von Fahrzeugen zum Transport gef\u00e4hrlicher G\u00fcter. Jeglicher im Rahmen des Mietvertrages vereinbarte Versicherungsschutz erlischt insbesondere dann, wenn das Fahrzeug von einem nicht autorisierten Fahrer benutzt wird oder der Fahrer des Fahrzeuges zum Zeitpunkt des Versicherungsfalles nicht \u00fcber die erforderliche Fahrerlaubnis verf\u00fcgt. Die Reservierung beinhaltet eine CDW-Versicherung (obligatorische Haftpflichtversicherung) und eine SCDW-Versicherung (Eigenschaden mit Ausnahmen). Die Annahmen, die nicht in diesen Versicherungen enthalten sind, die im Eintrittsfall berechnet werden, m\u00fcssen ber\u00fccksichtigt werden. (Siehe Abschnitt VERSICHERUNG).<\/li>\n<li><strong>MINDESTALTER DES FAHRERS<\/strong>. Das Mindestalter f\u00fcr die Anmietung eines Fahrzeugs betr\u00e4gt 25 Jahre mit einem dreij\u00e4hrigen F\u00fchrerschein. Das zul\u00e4ssige H\u00f6chstalter betr\u00e4gt 75 Jahre.<\/li>\n<li><strong>MIETDAUER<\/strong>. Als Miettag gilt die Zeit von 8:00 bis 20:00 Uhr. Bei einer mehrt\u00e4gigen Reservierung muss das Fahrzeug immer am letzten im Maximalmietvertrag genannten Tag um 20:00 Uhr zur\u00fcckgegeben werden. Falls der Kunde das Auto f\u00fcr eine zus\u00e4tzliche Nacht behalten oder um einen weiteren Tag verl\u00e4ngern m\u00f6chte, fallen zus\u00e4tzliche Kosten an.<\/li>\n<li><strong>ZAHLUNGSMETHODEN<\/strong>. Die Zahlungsart wird vom Kunden gew\u00e4hlt. Sie k\u00f6nnen mit Kredit-\/Debitkarte oder in bar bezahlen. Wenn Sie sich f\u00fcr die Zahlung per Karte entscheiden, muss diese nicht auf den Namen des Fahrers des Mietwagens lauten, allerdings muss der Karteninhaber zum Zeitpunkt der Zahlung anwesend sein. Die Zahlung der Reservierung erfolgt zum Zeitpunkt der Fahrzeug\u00fcbergabe, sie wird nicht im Voraus bezahlt.<\/li>\n<li><strong>BU\u00dfGELDER<\/strong>. Der Kunde ist verpflichtet, die Verkehrsstrafen zu bezahlen, die f\u00fcr die von ihm begangenen Verst\u00f6\u00dfe verh\u00e4ngt werden. Das Unternehmen ist in Bezug auf diese Bu\u00dfgelder vollst\u00e4ndig von der Haftung befreit.<\/li>\n<li><strong>UNBEGRENZTE KILOMETER<\/strong>. Die Kilometerleistung w\u00e4hrend der Laufzeit des Mietvertrages ist kostenlos, sie ist unbegrenzt. Der Kunde kann so viel fahren, wie er m\u00f6chte, solange er sich auf der Insel Mallorca befindet. Es ist nicht erlaubt, das Fahrzeug von der Insel zu nehmen.<\/li>\n<li><strong>KRAFTSTOFFRICHTLINIE<\/strong>. Der Kunde muss das gemietete Fahrzeug mit der gleichen Kraftstoffmenge zur\u00fcckgeben, mit der es geliefert wurde. Der w\u00e4hrend der Vertragsdauer verbrauchte Kraftstoff wird vom Kunden bezahlt.<\/li>\n<li><strong>DATENSCHUTZ<\/strong>. Die vom Mieter angegebenen pers\u00f6nlichen Daten werden vertraulich behandelt. Der Mieter genehmigt die Speicherung in einer Datei von RENT AUTO MOTO S.L.U. wer wird die Geheimhaltungspflicht \u00fcber sie haben. Bei den gespeicherten personenbezogenen Daten handelt es sich um: - Name, Post- und E-Mail-Adresse, Festnetz-, Mobil- und Faxnummer sowie Geburtsdatum, CIF, F\u00fchrerscheindaten, Kundennummer; - Ausstehende Geb\u00fchren, die beim Leasinggeber oder bei Konzernunternehmen aufrechterhalten werden k\u00f6nnen; - sowie in Ihrem Fall diejenigen im Zusammenhang mit Treueprogrammen. In keinem Fall werden subjektive Einsch\u00e4tzungen oder Einsch\u00e4tzungen \u00fcber die finanzielle Situation des Mieters gespeichert. Die Verarbeitung dieser Daten dient ausschlie\u00dflich der Aufrechterhaltung und Durchf\u00fchrung normaler Gesch\u00e4ftsbeziehungen und der Erbringung von Dienstleistungen, die sich aus der T\u00e4tigkeit des Vermieters ergeben. <br \/>Der Mieter stimmt zu, dass RENT AUTO MOTO S.L.U. Ihnen eigene kommerzielle Mitteilungen per Post oder E-Mail zuzusenden.<br \/>Der Mieter kann sein Recht auf Zugang, L\u00f6schung und Berichtigung seiner personenbezogenen Daten aus\u00fcben sowie sich der Kommerzialisierung, Verwendung oder \u00dcbertragung durch eine Mitteilung an die Adresse RENT AUTO MOTO S.L.U. widersetzen. c\/ S'Espalmador n\u00ba 28 07660 CALA D'OR (MALLORCA).<\/li>\n<\/ol>\n<p>[\/et_pb_text][\/et_pb_column][\/et_pb_row][\/et_pb_section]<\/p>\n","protected":false},"excerpt":{"rendered":"<p>ALLGEMEINE BEDINGUNGEN &nbsp; NUTZUNGSBEDINGUNGEN. In \u00dcbereinstimmung mit dem Gesetz 34\/2002 vom 11. Juli \u00fcber Dienste der Informationsgesellschaft und den elektronischen Handel informiert Sie RENT AUTO MOTO S.L.U., dass es Eigent\u00fcmer der Website rentautomotocalador.com. Gem\u00e4\u00df der Anforderung von Artikel 10 des oben genannten Gesetzes verpflichtet sich RENT AUTO MOTO S.L.U. informiert \u00fcber die folgenden Daten: Der [&hellip;]<\/p>\n","protected":false},"author":1,"featured_media":0,"parent":0,"menu_order":0,"comment_status":"closed","ping_status":"closed","template":"","meta":{"_et_pb_use_builder":"on","_et_pb_old_content":"","_et_gb_content_width":"","footnotes":""},"class_list":["post-360","page","type-page","status-publish","hentry"],"yoast_head":"<!-- This site is optimized with the Yoast SEO plugin v27.4 - https:\/\/yoast.com\/product\/yoast-seo-wordpress\/ -->\n<title>ALLGEMEINE BEDINGUNGEN - Car rental in Cala D\u2019or<\/title>\n<meta name=\"robots\" content=\"index, follow, max-snippet:-1, max-image-preview:large, max-video-preview:-1\" \/>\n<link rel=\"canonical\" href=\"https:\/\/rentautomotocalador.com\/de\/allgemeine-bedingungen\/\" \/>\n<meta property=\"og:locale\" content=\"de_DE\" \/>\n<meta property=\"og:type\" content=\"article\" \/>\n<meta property=\"og:title\" content=\"ALLGEMEINE BEDINGUNGEN - Car rental in Cala D\u2019or\" \/>\n<meta property=\"og:description\" content=\"ALLGEMEINE BEDINGUNGEN &nbsp; NUTZUNGSBEDINGUNGEN. In \u00dcbereinstimmung mit dem Gesetz 34\/2002 vom 11. Juli \u00fcber Dienste der Informationsgesellschaft und den elektronischen Handel informiert Sie RENT AUTO MOTO S.L.U., dass es Eigent\u00fcmer der Website rentautomotocalador.com. Gem\u00e4\u00df der Anforderung von Artikel 10 des oben genannten Gesetzes verpflichtet sich RENT AUTO MOTO S.L.U. informiert \u00fcber die folgenden Daten: Der [&hellip;]\" \/>\n<meta property=\"og:url\" content=\"https:\/\/rentautomotocalador.com\/de\/allgemeine-bedingungen\/\" \/>\n<meta property=\"og:site_name\" content=\"Car rental in Cala D\u2019or\" \/>\n<meta property=\"article:modified_time\" content=\"2025-02-04T10:45:19+00:00\" \/>\n<meta property=\"og:image\" content=\"https:\/\/rentautomotocalador.com\/wp-content\/uploads\/2022\/02\/rentautomoto-logotipo.png\" \/>\n\t<meta property=\"og:image:width\" content=\"622\" \/>\n\t<meta property=\"og:image:height\" content=\"233\" \/>\n\t<meta property=\"og:image:type\" content=\"image\/png\" \/>\n<meta name=\"twitter:card\" content=\"summary_large_image\" \/>\n<meta name=\"twitter:label1\" content=\"Gesch\u00e4tzte Lesezeit\" \/>\n\t<meta name=\"twitter:data1\" content=\"4\u00a0Minuten\" \/>\n<script type=\"application\/ld+json\" class=\"yoast-schema-graph\">{\"@context\":\"https:\\\/\\\/schema.org\",\"@graph\":[{\"@type\":\"WebPage\",\"@id\":\"https:\\\/\\\/rentautomotocalador.com\\\/de\\\/allgemeine-bedingungen\\\/\",\"url\":\"https:\\\/\\\/rentautomotocalador.com\\\/de\\\/allgemeine-bedingungen\\\/\",\"name\":\"ALLGEMEINE BEDINGUNGEN - Car rental in Cala D\u2019or\",\"isPartOf\":{\"@id\":\"https:\\\/\\\/rentautomotocalador.com\\\/de\\\/#website\"},\"datePublished\":\"2022-02-07T09:43:14+00:00\",\"dateModified\":\"2025-02-04T10:45:19+00:00\",\"breadcrumb\":{\"@id\":\"https:\\\/\\\/rentautomotocalador.com\\\/de\\\/allgemeine-bedingungen\\\/#breadcrumb\"},\"inLanguage\":\"de\",\"potentialAction\":[{\"@type\":\"ReadAction\",\"target\":[\"https:\\\/\\\/rentautomotocalador.com\\\/de\\\/allgemeine-bedingungen\\\/\"]}]},{\"@type\":\"BreadcrumbList\",\"@id\":\"https:\\\/\\\/rentautomotocalador.com\\\/de\\\/allgemeine-bedingungen\\\/#breadcrumb\",\"itemListElement\":[{\"@type\":\"ListItem\",\"position\":1,\"name\":\"Portada\",\"item\":\"https:\\\/\\\/rentautomotocalador.com\\\/de\\\/\"},{\"@type\":\"ListItem\",\"position\":2,\"name\":\"ALLGEMEINE BEDINGUNGEN\"}]},{\"@type\":\"WebSite\",\"@id\":\"https:\\\/\\\/rentautomotocalador.com\\\/de\\\/#website\",\"url\":\"https:\\\/\\\/rentautomotocalador.com\\\/de\\\/\",\"name\":\"Car rental in Cala D\u2019or\",\"description\":\"Rent Auto Moto, empresa familiar y honesta\",\"publisher\":{\"@id\":\"https:\\\/\\\/rentautomotocalador.com\\\/de\\\/#organization\"},\"alternateName\":\"Rent Auto Moto\",\"potentialAction\":[{\"@type\":\"SearchAction\",\"target\":{\"@type\":\"EntryPoint\",\"urlTemplate\":\"https:\\\/\\\/rentautomotocalador.com\\\/de\\\/?s={search_term_string}\"},\"query-input\":{\"@type\":\"PropertyValueSpecification\",\"valueRequired\":true,\"valueName\":\"search_term_string\"}}],\"inLanguage\":\"de\"},{\"@type\":\"Organization\",\"@id\":\"https:\\\/\\\/rentautomotocalador.com\\\/de\\\/#organization\",\"name\":\"Rent Auto Moto\",\"url\":\"https:\\\/\\\/rentautomotocalador.com\\\/de\\\/\",\"logo\":{\"@type\":\"ImageObject\",\"inLanguage\":\"de\",\"@id\":\"https:\\\/\\\/rentautomotocalador.com\\\/de\\\/#\\\/schema\\\/logo\\\/image\\\/\",\"url\":\"https:\\\/\\\/rentautomotocalador.com\\\/wp-content\\\/uploads\\\/2022\\\/02\\\/rentautomoto-logotipo.png\",\"contentUrl\":\"https:\\\/\\\/rentautomotocalador.com\\\/wp-content\\\/uploads\\\/2022\\\/02\\\/rentautomoto-logotipo.png\",\"width\":622,\"height\":233,\"caption\":\"Rent Auto Moto\"},\"image\":{\"@id\":\"https:\\\/\\\/rentautomotocalador.com\\\/de\\\/#\\\/schema\\\/logo\\\/image\\\/\"},\"sameAs\":[\"https:\\\/\\\/www.instagram.com\\\/rentautomoto_calador\\\/\"]}]}<\/script>\n<!-- \/ Yoast SEO plugin. -->","yoast_head_json":{"title":"ALLGEMEINE BEDINGUNGEN - Car rental in Cala D\u2019or","robots":{"index":"index","follow":"follow","max-snippet":"max-snippet:-1","max-image-preview":"max-image-preview:large","max-video-preview":"max-video-preview:-1"},"canonical":"https:\/\/rentautomotocalador.com\/de\/allgemeine-bedingungen\/","og_locale":"de_DE","og_type":"article","og_title":"ALLGEMEINE BEDINGUNGEN - Car rental in Cala D\u2019or","og_description":"ALLGEMEINE BEDINGUNGEN &nbsp; NUTZUNGSBEDINGUNGEN. In \u00dcbereinstimmung mit dem Gesetz 34\/2002 vom 11. Juli \u00fcber Dienste der Informationsgesellschaft und den elektronischen Handel informiert Sie RENT AUTO MOTO S.L.U., dass es Eigent\u00fcmer der Website rentautomotocalador.com. Gem\u00e4\u00df der Anforderung von Artikel 10 des oben genannten Gesetzes verpflichtet sich RENT AUTO MOTO S.L.U. informiert \u00fcber die folgenden Daten: Der [&hellip;]","og_url":"https:\/\/rentautomotocalador.com\/de\/allgemeine-bedingungen\/","og_site_name":"Car rental in Cala D\u2019or","article_modified_time":"2025-02-04T10:45:19+00:00","og_image":[{"width":622,"height":233,"url":"https:\/\/rentautomotocalador.com\/wp-content\/uploads\/2022\/02\/rentautomoto-logotipo.png","type":"image\/png"}],"twitter_card":"summary_large_image","twitter_misc":{"Gesch\u00e4tzte Lesezeit":"4\u00a0Minuten"},"schema":{"@context":"https:\/\/schema.org","@graph":[{"@type":"WebPage","@id":"https:\/\/rentautomotocalador.com\/de\/allgemeine-bedingungen\/","url":"https:\/\/rentautomotocalador.com\/de\/allgemeine-bedingungen\/","name":"ALLGEMEINE BEDINGUNGEN - Car rental in Cala D\u2019or","isPartOf":{"@id":"https:\/\/rentautomotocalador.com\/de\/#website"},"datePublished":"2022-02-07T09:43:14+00:00","dateModified":"2025-02-04T10:45:19+00:00","breadcrumb":{"@id":"https:\/\/rentautomotocalador.com\/de\/allgemeine-bedingungen\/#breadcrumb"},"inLanguage":"de","potentialAction":[{"@type":"ReadAction","target":["https:\/\/rentautomotocalador.com\/de\/allgemeine-bedingungen\/"]}]},{"@type":"BreadcrumbList","@id":"https:\/\/rentautomotocalador.com\/de\/allgemeine-bedingungen\/#breadcrumb","itemListElement":[{"@type":"ListItem","position":1,"name":"Portada","item":"https:\/\/rentautomotocalador.com\/de\/"},{"@type":"ListItem","position":2,"name":"ALLGEMEINE BEDINGUNGEN"}]},{"@type":"WebSite","@id":"https:\/\/rentautomotocalador.com\/de\/#website","url":"https:\/\/rentautomotocalador.com\/de\/","name":"Car rental in Cala D\u2019or","description":"Rent Auto Moto, empresa familiar y honesta","publisher":{"@id":"https:\/\/rentautomotocalador.com\/de\/#organization"},"alternateName":"Rent Auto Moto","potentialAction":[{"@type":"SearchAction","target":{"@type":"EntryPoint","urlTemplate":"https:\/\/rentautomotocalador.com\/de\/?s={search_term_string}"},"query-input":{"@type":"PropertyValueSpecification","valueRequired":true,"valueName":"search_term_string"}}],"inLanguage":"de"},{"@type":"Organization","@id":"https:\/\/rentautomotocalador.com\/de\/#organization","name":"Rent Auto Moto","url":"https:\/\/rentautomotocalador.com\/de\/","logo":{"@type":"ImageObject","inLanguage":"de","@id":"https:\/\/rentautomotocalador.com\/de\/#\/schema\/logo\/image\/","url":"https:\/\/rentautomotocalador.com\/wp-content\/uploads\/2022\/02\/rentautomoto-logotipo.png","contentUrl":"https:\/\/rentautomotocalador.com\/wp-content\/uploads\/2022\/02\/rentautomoto-logotipo.png","width":622,"height":233,"caption":"Rent Auto Moto"},"image":{"@id":"https:\/\/rentautomotocalador.com\/de\/#\/schema\/logo\/image\/"},"sameAs":["https:\/\/www.instagram.com\/rentautomoto_calador\/"]}]}},"_links":{"self":[{"href":"https:\/\/rentautomotocalador.com\/de\/wp-json\/wp\/v2\/pages\/360","targetHints":{"allow":["GET"]}}],"collection":[{"href":"https:\/\/rentautomotocalador.com\/de\/wp-json\/wp\/v2\/pages"}],"about":[{"href":"https:\/\/rentautomotocalador.com\/de\/wp-json\/wp\/v2\/types\/page"}],"author":[{"embeddable":true,"href":"https:\/\/rentautomotocalador.com\/de\/wp-json\/wp\/v2\/users\/1"}],"replies":[{"embeddable":true,"href":"https:\/\/rentautomotocalador.com\/de\/wp-json\/wp\/v2\/comments?post=360"}],"version-history":[{"count":12,"href":"https:\/\/rentautomotocalador.com\/de\/wp-json\/wp\/v2\/pages\/360\/revisions"}],"predecessor-version":[{"id":599,"href":"https:\/\/rentautomotocalador.com\/de\/wp-json\/wp\/v2\/pages\/360\/revisions\/599"}],"wp:attachment":[{"href":"https:\/\/rentautomotocalador.com\/de\/wp-json\/wp\/v2\/media?parent=360"}],"curies":[{"name":"wp","href":"https:\/\/api.w.org\/{rel}","templated":true}]}}