{"id":374,"date":"2022-02-07T09:50:38","date_gmt":"2022-02-07T09:50:38","guid":{"rendered":"https:\/\/rentautomotocalador.com\/versicherung"},"modified":"2026-01-19T11:34:24","modified_gmt":"2026-01-19T11:34:24","slug":"versicherung","status":"publish","type":"page","link":"https:\/\/rentautomotocalador.com\/de\/versicherung\/","title":{"rendered":"VERSICHERUNG"},"content":{"rendered":"<p>[et_pb_section fb_built=\"1\" _builder_version=\"4.16\" _module_preset=\"default\" global_colors_info=\"{}\"][et_pb_row _builder_version=\"4.16\" _module_preset=\"default\" custom_padding=\"||0px|||\" global_colors_info=\"{}\"][et_pb_column type=\"4_4\" _builder_version=\"4.16\" _module_preset=\"default\" global_colors_info=\"{}\"][et_pb_post_title meta=\"off\" featured_image=\"off\" _builder_version=\"4.16\" _module_preset=\"default\" global_colors_info=\"{}\"][\/et_pb_post_title][\/et_pb_column][\/et_pb_row][et_pb_row _builder_version=\"4.16\" _module_preset=\"default\" custom_margin=\"||0px||false|false\" custom_padding=\"14px||0px|||\" global_colors_info=\"{}\"][et_pb_column type=\"4_4\" _builder_version=\"4.16\" _module_preset=\"default\" global_colors_info=\"{}\"][et_pb_text _builder_version=\"4.16\" _module_preset=\"default\" text_font_size=\"16px\" global_colors_info=\"{}\"]<\/p>\n<ol>\n<li>Die Reservierung beinhaltet eine <strong>CDW<\/strong>-Versicherung (obligatorische Haftpflichtversicherung) und eine <strong>SCDW<\/strong>-Versicherung (Eigenschaden mit Ausnahmen). Es ist wichtig, die Annahmen zu ber\u00fccksichtigen, die nicht in der <strong>CDW<\/strong>- und <strong>SCDW<\/strong>-Versicherung enthalten sind und in Rechnung gestellt werden, wenn sie eintreten: <\/li>\n<\/ol>\n<p>[\/et_pb_text][\/et_pb_column][\/et_pb_row][et_pb_row column_structure=\"1_3,1_3,1_3\" custom_padding_last_edited=\"on|desktop\" _builder_version=\"4.16\" _module_preset=\"default\" background_color=\"RGBA(255,255,255,0)\" custom_padding=\"|10%||10%|false|true\" custom_padding_tablet=\"|20%||20%|false|true\" custom_padding_phone=\"|0%||0%|false|true\" global_colors_info=\"{}\"][et_pb_column type=\"1_3\" _builder_version=\"4.16\" _module_preset=\"default\" global_colors_info=\"{}\"][et_pb_text _builder_version=\"4.16\" _module_preset=\"default\" text_font=\"|700|||||||\" background_color=\"#ffa401\" text_orientation=\"center\" background_layout=\"dark\" height=\"120px\" custom_padding=\"20px|20px|20px|20px|true|true\" animation_style=\"slide\" animation_direction=\"top\" animation_duration=\"200ms\" custom_css_main_element=\"display: flex;||justify-content: center;||align-content: center;||flex-direction: column;\" global_colors_info=\"{}\"]<\/p>\n<p>Verlust, Diebstahl oder Besch\u00e4digung von Schl\u00fcsseln, Dreiecken und\/oder Westen.<\/p>\n<p>[\/et_pb_text][et_pb_text _builder_version=\"4.16\" _module_preset=\"default\" text_font=\"|700|||||||\" background_color=\"#ffa401\" text_orientation=\"center\" background_layout=\"dark\" height=\"120px\" custom_padding=\"20px|20px|20px|20px|true|true\" animation_style=\"slide\" animation_direction=\"top\" animation_duration=\"200ms\" animation_delay=\"100ms\" custom_css_main_element=\"display: flex;||justify-content: center;||align-content: center;||flex-direction: column;\" global_colors_info=\"{}\"]<\/p>\n<p>Sch\u00e4den an Glas oder Windschutzscheibe.<\/p>\n<p>[\/et_pb_text][et_pb_text _builder_version=\"4.16\" _module_preset=\"default\" text_font=\"|700|||||||\" background_color=\"#ffa401\" text_orientation=\"center\" background_layout=\"dark\" height=\"120px\" custom_padding=\"20px|20px|20px|20px|true|true\" animation_style=\"slide\" animation_direction=\"top\" animation_duration=\"200ms\" animation_delay=\"300ms\" custom_css_main_element=\"display: flex;||justify-content: center;||align-content: center;||flex-direction: column;\" global_colors_info=\"{}\"]<\/p>\n<p>Diebstahl oder Verlust von Autoteilen.<\/p>\n<p>[\/et_pb_text][\/et_pb_column][et_pb_column type=\"1_3\" _builder_version=\"4.16\" _module_preset=\"default\" global_colors_info=\"{}\"][et_pb_text _builder_version=\"4.16\" _module_preset=\"default\" text_font=\"|700|||||||\" background_color=\"#ffa401\" text_orientation=\"center\" background_layout=\"dark\" height=\"120px\" custom_padding=\"20px|20px|20px|20px|true|true\" animation_style=\"slide\" animation_direction=\"top\" animation_duration=\"200ms\" animation_delay=\"400ms\" custom_css_main_element=\"display: flex;||justify-content: center;||align-content: center;||flex-direction: column;\" global_colors_info=\"{}\"]<\/p>\n<p>Sch\u00e4den an Achse oder Felge, Reifen und\/oder Reifensch\u00e4den durch Fahrl\u00e4ssigkeit des Fahrers.<\/p>\n<p>[\/et_pb_text][et_pb_text _builder_version=\"4.16\" _module_preset=\"default\" text_font=\"|700|||||||\" background_color=\"#ffa401\" text_orientation=\"center\" background_layout=\"dark\" height=\"120px\" custom_padding=\"20px|20px|20px|20px|true|true\" animation_style=\"slide\" animation_direction=\"top\" animation_duration=\"200ms\" animation_delay=\"500ms\" custom_css_main_element=\"display: flex;||justify-content: center;||align-content: center;||flex-direction: column;\" global_colors_info=\"{}\"]<\/p>\n<p>Sch\u00e4den an den Schl\u00f6ssern.<\/p>\n<p>[\/et_pb_text][et_pb_text _builder_version=\"4.16\" _module_preset=\"default\" text_font=\"|700|||||||\" background_color=\"#ffa401\" text_orientation=\"center\" background_layout=\"dark\" height=\"120px\" custom_padding=\"20px|20px|20px|20px|true|true\" animation_style=\"slide\" animation_direction=\"top\" animation_duration=\"200ms\" animation_delay=\"600ms\" custom_css_main_element=\"display: flex;||justify-content: center;||align-content: center;||flex-direction: column;\" global_colors_info=\"{}\"]<\/p>\n<p>Sch\u00e4den an der Unterseite oder dem Dach des Autos.<\/p>\n<p>[\/et_pb_text][\/et_pb_column][et_pb_column type=\"1_3\" _builder_version=\"4.16\" _module_preset=\"default\" global_colors_info=\"{}\"][et_pb_text _builder_version=\"4.16\" _module_preset=\"default\" text_font=\"|700|||||||\" background_color=\"#ffa401\" text_orientation=\"center\" background_layout=\"dark\" height=\"120px\" custom_padding=\"20px|20px|20px|20px|true|true\" animation_style=\"slide\" animation_direction=\"top\" animation_duration=\"200ms\" animation_delay=\"700ms\" custom_css_main_element=\"display: flex;||justify-content: center;||align-content: center;||flex-direction: column;\" global_colors_info=\"{}\"]<\/p>\n<p>Tanken Sie mit der falschen Kraftstoffsorte.<\/p>\n<p>[\/et_pb_text][et_pb_text _builder_version=\"4.16\" _module_preset=\"default\" text_font=\"|700|||||||\" background_color=\"#ffa401\" text_orientation=\"center\" background_layout=\"dark\" height=\"120px\" custom_padding=\"20px|20px|20px|20px|true|true\" animation_style=\"slide\" animation_direction=\"top\" animation_duration=\"200ms\" animation_delay=\"800ms\" custom_css_main_element=\"display: flex;||justify-content: center;||align-content: center;||flex-direction: column;\" global_colors_info=\"{}\"]<\/p>\n<p>Fahren unter Alkohol- und\/oder Drogeneinfluss.<\/p>\n<p>[\/et_pb_text][et_pb_text _builder_version=\"4.16\" _module_preset=\"default\" text_font=\"|700|||||||\" background_color=\"#ffa401\" text_orientation=\"center\" background_layout=\"dark\" height=\"120px\" custom_padding=\"20px|20px|20px|20px|true|true\" animation_style=\"slide\" animation_direction=\"top\" animation_duration=\"200ms\" animation_delay=\"900ms\" custom_css_main_element=\"display: flex;||justify-content: center;||align-content: center;||flex-direction: column;\" global_colors_info=\"{}\"]<\/p>\n<p>Fahrl\u00e4ssiges Fahren und\/oder schwerer oder sehr schwerer Versto\u00df des Fahrers.<\/p>\n<p>[\/et_pb_text][\/et_pb_column][\/et_pb_row][et_pb_row _builder_version=\"4.16\" _module_preset=\"default\" custom_padding=\"||0px|||\" global_colors_info=\"{}\"][et_pb_column type=\"4_4\" _builder_version=\"4.16\" _module_preset=\"default\" global_colors_info=\"{}\"][et_pb_text _builder_version=\"4.16\" _module_preset=\"default\" text_font_size=\"16px\" global_colors_info=\"{}\"]<\/p>\n<ol start=\"2\">\n<li>Wenn der Kunde es w\u00fcnscht, kann er unsere <strong>RELAX<\/strong>-Versicherung sowohl bei der Reservierung \u00fcber das Internet als auch bei der \u00dcbergabe des Fahrzeugs abschlie\u00dfen. Diese Versicherung kostet <strong>5 Euro pro Tag<\/strong> und beinhaltet: <\/li>\n<\/ol>\n<p>[\/et_pb_text][\/et_pb_column][\/et_pb_row][et_pb_row column_structure=\"1_4,1_4,1_4,1_4\" custom_padding_last_edited=\"on|phone\" _builder_version=\"4.16\" _module_preset=\"default\" custom_padding=\"3px|5%|0px|5%|false|true\" custom_padding_tablet=\"|0%||0%|false|true\" custom_padding_phone=\"|0%||0%|false|true\" global_colors_info=\"{}\"][et_pb_column type=\"1_4\" _builder_version=\"4.16\" _module_preset=\"default\" global_colors_info=\"{}\"][et_pb_text _builder_version=\"4.16\" _module_preset=\"default\" text_font=\"|700|||||||\" background_color=\"#ffa401\" text_orientation=\"center\" background_layout=\"dark\" height=\"120px\" custom_padding=\"20px|20px|20px|20px|true|true\" animation_style=\"slide\" animation_direction=\"top\" animation_duration=\"200ms\" custom_css_main_element=\"display: flex;||justify-content: center;||align-content: center;||flex-direction: column;\" global_colors_info=\"{}\"]<\/p>\n<p>Pannenhilfe bei Unf\u00e4llen.<\/p>\n<p>[\/et_pb_text][\/et_pb_column][et_pb_column type=\"1_4\" _builder_version=\"4.16\" _module_preset=\"default\" global_colors_info=\"{}\"][et_pb_text _builder_version=\"4.16\" _module_preset=\"default\" text_font=\"|700|||||||\" background_color=\"#ffa401\" text_orientation=\"center\" background_layout=\"dark\" height=\"120px\" custom_padding=\"20px|20px|20px|20px|true|true\" animation_style=\"slide\" animation_direction=\"top\" animation_duration=\"200ms\" animation_delay=\"100ms\" custom_css_main_element=\"display: flex;||justify-content: center;||align-content: center;||flex-direction: column;\" global_colors_info=\"{}\"]<\/p>\n<p>Bu\u00dfgeldverwaltungskosten.<\/p>\n<p>[\/et_pb_text][\/et_pb_column][et_pb_column type=\"1_4\" _builder_version=\"4.16\" _module_preset=\"default\" global_colors_info=\"{}\"][et_pb_text _builder_version=\"4.16\" _module_preset=\"default\" text_font=\"|700|||||||\" background_color=\"#ffa401\" text_orientation=\"center\" background_layout=\"dark\" height=\"120px\" custom_padding=\"20px|20px|20px|20px|true|true\" animation_style=\"slide\" animation_direction=\"top\" animation_duration=\"200ms\" animation_delay=\"300ms\" custom_css_main_element=\"display: flex;||justify-content: center;||align-content: center;||flex-direction: column;\" global_colors_info=\"{}\"]<\/p>\n<p>Tanken Sie mit dem falschen Kraftstoff.<\/p>\n<p>[\/et_pb_text][\/et_pb_column][et_pb_column type=\"1_4\" _builder_version=\"4.16\" _module_preset=\"default\" global_colors_info=\"{}\"][et_pb_text _builder_version=\"4.16\" _module_preset=\"default\" text_font=\"|700|||||||\" background_color=\"#ffa401\" text_orientation=\"center\" background_layout=\"dark\" height=\"120px\" custom_padding=\"20px|20px|20px|20px|true|true\" animation_style=\"slide\" animation_direction=\"top\" animation_duration=\"200ms\" animation_delay=\"400ms\" custom_css_main_element=\"display: flex;||justify-content: center;||align-content: center;||flex-direction: column;\" global_colors_info=\"{}\"]<\/p>\n<p>Verlust oder Bruch von Schl\u00fcsseln.<\/p>\n<p>[\/et_pb_text][\/et_pb_column][\/et_pb_row][\/et_pb_section]<\/p>\n","protected":false},"excerpt":{"rendered":"<p>Die Reservierung beinhaltet eine CDW-Versicherung (obligatorische Haftpflichtversicherung) und eine SCDW-Versicherung (Eigenschaden mit Ausnahmen). Es ist wichtig, die Annahmen zu ber\u00fccksichtigen, die nicht in der CDW- und SCDW-Versicherung enthalten sind und in Rechnung gestellt werden, wenn sie eintreten: Verlust, Diebstahl oder Besch\u00e4digung von Schl\u00fcsseln, Dreiecken und\/oder Westen.Sch\u00e4den an Glas oder Windschutzscheibe.Diebstahl oder Verlust von Autoteilen.Sch\u00e4den an [&hellip;]<\/p>\n","protected":false},"author":1,"featured_media":0,"parent":0,"menu_order":0,"comment_status":"closed","ping_status":"closed","template":"","meta":{"_et_pb_use_builder":"on","_et_pb_old_content":"","_et_gb_content_width":"","footnotes":""},"class_list":["post-374","page","type-page","status-publish","hentry"],"yoast_head":"<!-- This site is optimized with the Yoast SEO plugin v27.4 - https:\/\/yoast.com\/product\/yoast-seo-wordpress\/ -->\n<title>VERSICHERUNG - Car rental in Cala D\u2019or<\/title>\n<meta name=\"robots\" content=\"index, follow, max-snippet:-1, max-image-preview:large, max-video-preview:-1\" \/>\n<link rel=\"canonical\" href=\"https:\/\/rentautomotocalador.com\/de\/versicherung\/\" \/>\n<meta property=\"og:locale\" content=\"de_DE\" \/>\n<meta property=\"og:type\" content=\"article\" \/>\n<meta property=\"og:title\" content=\"VERSICHERUNG - Car rental in Cala D\u2019or\" \/>\n<meta property=\"og:description\" content=\"Die Reservierung beinhaltet eine CDW-Versicherung (obligatorische Haftpflichtversicherung) und eine SCDW-Versicherung (Eigenschaden mit Ausnahmen). Es ist wichtig, die Annahmen zu ber\u00fccksichtigen, die nicht in der CDW- und SCDW-Versicherung enthalten sind und in Rechnung gestellt werden, wenn sie eintreten: Verlust, Diebstahl oder Besch\u00e4digung von Schl\u00fcsseln, Dreiecken und\/oder Westen.Sch\u00e4den an Glas oder Windschutzscheibe.Diebstahl oder Verlust von Autoteilen.Sch\u00e4den an [&hellip;]\" \/>\n<meta property=\"og:url\" content=\"https:\/\/rentautomotocalador.com\/de\/versicherung\/\" \/>\n<meta property=\"og:site_name\" content=\"Car rental in Cala D\u2019or\" \/>\n<meta property=\"article:modified_time\" content=\"2026-01-19T11:34:24+00:00\" \/>\n<meta property=\"og:image\" content=\"https:\/\/rentautomotocalador.com\/wp-content\/uploads\/2022\/02\/rentautomoto-logotipo.png\" \/>\n\t<meta property=\"og:image:width\" content=\"622\" \/>\n\t<meta property=\"og:image:height\" content=\"233\" \/>\n\t<meta property=\"og:image:type\" content=\"image\/png\" \/>\n<meta name=\"twitter:card\" content=\"summary_large_image\" \/>\n<meta name=\"twitter:label1\" content=\"Gesch\u00e4tzte Lesezeit\" \/>\n\t<meta name=\"twitter:data1\" content=\"6\u00a0Minuten\" \/>\n<script type=\"application\/ld+json\" class=\"yoast-schema-graph\">{\"@context\":\"https:\\\/\\\/schema.org\",\"@graph\":[{\"@type\":\"WebPage\",\"@id\":\"https:\\\/\\\/rentautomotocalador.com\\\/de\\\/versicherung\\\/\",\"url\":\"https:\\\/\\\/rentautomotocalador.com\\\/de\\\/versicherung\\\/\",\"name\":\"VERSICHERUNG - Car rental in Cala D\u2019or\",\"isPartOf\":{\"@id\":\"https:\\\/\\\/rentautomotocalador.com\\\/de\\\/#website\"},\"datePublished\":\"2022-02-07T09:50:38+00:00\",\"dateModified\":\"2026-01-19T11:34:24+00:00\",\"breadcrumb\":{\"@id\":\"https:\\\/\\\/rentautomotocalador.com\\\/de\\\/versicherung\\\/#breadcrumb\"},\"inLanguage\":\"de\",\"potentialAction\":[{\"@type\":\"ReadAction\",\"target\":[\"https:\\\/\\\/rentautomotocalador.com\\\/de\\\/versicherung\\\/\"]}]},{\"@type\":\"BreadcrumbList\",\"@id\":\"https:\\\/\\\/rentautomotocalador.com\\\/de\\\/versicherung\\\/#breadcrumb\",\"itemListElement\":[{\"@type\":\"ListItem\",\"position\":1,\"name\":\"Portada\",\"item\":\"https:\\\/\\\/rentautomotocalador.com\\\/de\\\/\"},{\"@type\":\"ListItem\",\"position\":2,\"name\":\"VERSICHERUNG\"}]},{\"@type\":\"WebSite\",\"@id\":\"https:\\\/\\\/rentautomotocalador.com\\\/de\\\/#website\",\"url\":\"https:\\\/\\\/rentautomotocalador.com\\\/de\\\/\",\"name\":\"Car rental in Cala D\u2019or\",\"description\":\"Rent Auto Moto, empresa familiar y honesta\",\"publisher\":{\"@id\":\"https:\\\/\\\/rentautomotocalador.com\\\/de\\\/#organization\"},\"alternateName\":\"Rent Auto Moto\",\"potentialAction\":[{\"@type\":\"SearchAction\",\"target\":{\"@type\":\"EntryPoint\",\"urlTemplate\":\"https:\\\/\\\/rentautomotocalador.com\\\/de\\\/?s={search_term_string}\"},\"query-input\":{\"@type\":\"PropertyValueSpecification\",\"valueRequired\":true,\"valueName\":\"search_term_string\"}}],\"inLanguage\":\"de\"},{\"@type\":\"Organization\",\"@id\":\"https:\\\/\\\/rentautomotocalador.com\\\/de\\\/#organization\",\"name\":\"Rent Auto Moto\",\"url\":\"https:\\\/\\\/rentautomotocalador.com\\\/de\\\/\",\"logo\":{\"@type\":\"ImageObject\",\"inLanguage\":\"de\",\"@id\":\"https:\\\/\\\/rentautomotocalador.com\\\/de\\\/#\\\/schema\\\/logo\\\/image\\\/\",\"url\":\"https:\\\/\\\/rentautomotocalador.com\\\/wp-content\\\/uploads\\\/2022\\\/02\\\/rentautomoto-logotipo.png\",\"contentUrl\":\"https:\\\/\\\/rentautomotocalador.com\\\/wp-content\\\/uploads\\\/2022\\\/02\\\/rentautomoto-logotipo.png\",\"width\":622,\"height\":233,\"caption\":\"Rent Auto Moto\"},\"image\":{\"@id\":\"https:\\\/\\\/rentautomotocalador.com\\\/de\\\/#\\\/schema\\\/logo\\\/image\\\/\"},\"sameAs\":[\"https:\\\/\\\/www.instagram.com\\\/rentautomoto_calador\\\/\"]}]}<\/script>\n<!-- \/ Yoast SEO plugin. -->","yoast_head_json":{"title":"VERSICHERUNG - Car rental in Cala D\u2019or","robots":{"index":"index","follow":"follow","max-snippet":"max-snippet:-1","max-image-preview":"max-image-preview:large","max-video-preview":"max-video-preview:-1"},"canonical":"https:\/\/rentautomotocalador.com\/de\/versicherung\/","og_locale":"de_DE","og_type":"article","og_title":"VERSICHERUNG - Car rental in Cala D\u2019or","og_description":"Die Reservierung beinhaltet eine CDW-Versicherung (obligatorische Haftpflichtversicherung) und eine SCDW-Versicherung (Eigenschaden mit Ausnahmen). Es ist wichtig, die Annahmen zu ber\u00fccksichtigen, die nicht in der CDW- und SCDW-Versicherung enthalten sind und in Rechnung gestellt werden, wenn sie eintreten: Verlust, Diebstahl oder Besch\u00e4digung von Schl\u00fcsseln, Dreiecken und\/oder Westen.Sch\u00e4den an Glas oder Windschutzscheibe.Diebstahl oder Verlust von Autoteilen.Sch\u00e4den an [&hellip;]","og_url":"https:\/\/rentautomotocalador.com\/de\/versicherung\/","og_site_name":"Car rental in Cala D\u2019or","article_modified_time":"2026-01-19T11:34:24+00:00","og_image":[{"width":622,"height":233,"url":"https:\/\/rentautomotocalador.com\/wp-content\/uploads\/2022\/02\/rentautomoto-logotipo.png","type":"image\/png"}],"twitter_card":"summary_large_image","twitter_misc":{"Gesch\u00e4tzte Lesezeit":"6\u00a0Minuten"},"schema":{"@context":"https:\/\/schema.org","@graph":[{"@type":"WebPage","@id":"https:\/\/rentautomotocalador.com\/de\/versicherung\/","url":"https:\/\/rentautomotocalador.com\/de\/versicherung\/","name":"VERSICHERUNG - Car rental in Cala D\u2019or","isPartOf":{"@id":"https:\/\/rentautomotocalador.com\/de\/#website"},"datePublished":"2022-02-07T09:50:38+00:00","dateModified":"2026-01-19T11:34:24+00:00","breadcrumb":{"@id":"https:\/\/rentautomotocalador.com\/de\/versicherung\/#breadcrumb"},"inLanguage":"de","potentialAction":[{"@type":"ReadAction","target":["https:\/\/rentautomotocalador.com\/de\/versicherung\/"]}]},{"@type":"BreadcrumbList","@id":"https:\/\/rentautomotocalador.com\/de\/versicherung\/#breadcrumb","itemListElement":[{"@type":"ListItem","position":1,"name":"Portada","item":"https:\/\/rentautomotocalador.com\/de\/"},{"@type":"ListItem","position":2,"name":"VERSICHERUNG"}]},{"@type":"WebSite","@id":"https:\/\/rentautomotocalador.com\/de\/#website","url":"https:\/\/rentautomotocalador.com\/de\/","name":"Car rental in Cala D\u2019or","description":"Rent Auto Moto, empresa familiar y honesta","publisher":{"@id":"https:\/\/rentautomotocalador.com\/de\/#organization"},"alternateName":"Rent Auto Moto","potentialAction":[{"@type":"SearchAction","target":{"@type":"EntryPoint","urlTemplate":"https:\/\/rentautomotocalador.com\/de\/?s={search_term_string}"},"query-input":{"@type":"PropertyValueSpecification","valueRequired":true,"valueName":"search_term_string"}}],"inLanguage":"de"},{"@type":"Organization","@id":"https:\/\/rentautomotocalador.com\/de\/#organization","name":"Rent Auto Moto","url":"https:\/\/rentautomotocalador.com\/de\/","logo":{"@type":"ImageObject","inLanguage":"de","@id":"https:\/\/rentautomotocalador.com\/de\/#\/schema\/logo\/image\/","url":"https:\/\/rentautomotocalador.com\/wp-content\/uploads\/2022\/02\/rentautomoto-logotipo.png","contentUrl":"https:\/\/rentautomotocalador.com\/wp-content\/uploads\/2022\/02\/rentautomoto-logotipo.png","width":622,"height":233,"caption":"Rent Auto Moto"},"image":{"@id":"https:\/\/rentautomotocalador.com\/de\/#\/schema\/logo\/image\/"},"sameAs":["https:\/\/www.instagram.com\/rentautomoto_calador\/"]}]}},"_links":{"self":[{"href":"https:\/\/rentautomotocalador.com\/de\/wp-json\/wp\/v2\/pages\/374","targetHints":{"allow":["GET"]}}],"collection":[{"href":"https:\/\/rentautomotocalador.com\/de\/wp-json\/wp\/v2\/pages"}],"about":[{"href":"https:\/\/rentautomotocalador.com\/de\/wp-json\/wp\/v2\/types\/page"}],"author":[{"embeddable":true,"href":"https:\/\/rentautomotocalador.com\/de\/wp-json\/wp\/v2\/users\/1"}],"replies":[{"embeddable":true,"href":"https:\/\/rentautomotocalador.com\/de\/wp-json\/wp\/v2\/comments?post=374"}],"version-history":[{"count":8,"href":"https:\/\/rentautomotocalador.com\/de\/wp-json\/wp\/v2\/pages\/374\/revisions"}],"predecessor-version":[{"id":723,"href":"https:\/\/rentautomotocalador.com\/de\/wp-json\/wp\/v2\/pages\/374\/revisions\/723"}],"wp:attachment":[{"href":"https:\/\/rentautomotocalador.com\/de\/wp-json\/wp\/v2\/media?parent=374"}],"curies":[{"name":"wp","href":"https:\/\/api.w.org\/{rel}","templated":true}]}}