{"id":388,"date":"2022-02-07T09:54:22","date_gmt":"2022-02-07T09:54:22","guid":{"rendered":"https:\/\/rentautomotocalador.com\/zusatzleistungen"},"modified":"2026-01-19T11:35:26","modified_gmt":"2026-01-19T11:35:26","slug":"zusatzleistungen","status":"publish","type":"page","link":"https:\/\/rentautomotocalador.com\/de\/zusatzleistungen\/","title":{"rendered":"ZUSATZLEISTUNGEN"},"content":{"rendered":"<p>[et_pb_section fb_built=\"1\" _builder_version=\"4.16\" _module_preset=\"default\" global_colors_info=\"{}\"][et_pb_row _builder_version=\"4.16\" _module_preset=\"default\" global_colors_info=\"{}\"][et_pb_column type=\"4_4\" _builder_version=\"4.16\" _module_preset=\"default\" global_colors_info=\"{}\"][et_pb_text _builder_version=\"4.16\" _module_preset=\"default\" global_colors_info=\"{}\"]<\/p>\n<h1>ZUSATZLEISTUNGEN<\/h1>\n<p>[\/et_pb_text][\/et_pb_column][\/et_pb_row][et_pb_row column_structure=\"1_4,1_4,1_4,1_4\" _builder_version=\"4.16\" _module_preset=\"default\" max_width=\"720px\" global_colors_info=\"{}\"][et_pb_column type=\"1_4\" _builder_version=\"4.16\" _module_preset=\"default\" global_colors_info=\"{}\"][et_pb_blurb title=\"ZWEITER FAHRER\" use_icon=\"on\" font_icon=\"&#xe08b;||divi||400\" _builder_version=\"4.16\" _module_preset=\"default\" text_orientation=\"center\" animation_style=\"roll\" animation_duration=\"200ms\" scroll_vertical_motion=\"0|74|74|100|4|0|-4\" scroll_rotating=\"0|44|44|100|90|0|0\" global_colors_info=\"{}\"]<\/p>\n<p>5\u20ac pro Tag<\/p>\n<p>[\/et_pb_blurb][\/et_pb_column][et_pb_column type=\"1_4\" _builder_version=\"4.16\" _module_preset=\"default\" global_colors_info=\"{}\"][et_pb_blurb title=\"BABYSTUHL ODER MAXICOSI\" use_icon=\"on\" font_icon=\"&#xf77c;||fa||900\" _builder_version=\"4.16\" _module_preset=\"default\" text_orientation=\"center\" animation_style=\"roll\" animation_duration=\"200ms\" animation_delay=\"100ms\" global_colors_info=\"{}\"]<\/p>\n<p>6\u20ac por d\u00eda<\/p>\n<p>[\/et_pb_blurb][\/et_pb_column][et_pb_column type=\"1_4\" _builder_version=\"4.16\" _module_preset=\"default\" global_colors_info=\"{}\"][et_pb_blurb title=\"KINDERBOOST\" use_icon=\"on\" font_icon=\"&#xf1ae;||fa||900\" _builder_version=\"4.16\" _module_preset=\"default\" text_orientation=\"center\" animation_style=\"roll\" animation_duration=\"200ms\" animation_delay=\"200ms\" global_colors_info=\"{}\"]<\/p>\n<p>6\u20ac por d\u00eda<\/p>\n<p>[\/et_pb_blurb][\/et_pb_column][et_pb_column type=\"1_4\" _builder_version=\"4.16\" _module_preset=\"default\" global_colors_info=\"{}\"][et_pb_blurb title=\"GPS\" use_icon=\"on\" font_icon=\"&#xf5a0;||fa||900\" _builder_version=\"4.16\" _module_preset=\"default\" text_orientation=\"center\" animation_style=\"roll\" animation_duration=\"200ms\" animation_delay=\"300ms\" global_colors_info=\"{}\"]<\/p>\n<p>5\u20ac pro Tag<\/p>\n<p>[\/et_pb_blurb][\/et_pb_column][\/et_pb_row][et_pb_row column_structure=\"1_3,1_3,1_3\" _builder_version=\"4.16\" _module_preset=\"default\" max_width=\"720px\" global_colors_info=\"{}\"][et_pb_column type=\"1_3\" _builder_version=\"4.16\" _module_preset=\"default\" global_colors_info=\"{}\"][et_pb_blurb title=\"KOSTENLOSER TRANSFER ZUM HOTEL\" use_icon=\"on\" font_icon=\"&#xf362;||fa||900\" _builder_version=\"4.16\" _module_preset=\"default\" text_orientation=\"center\" animation_style=\"roll\" animation_duration=\"200ms\" animation_delay=\"400ms\" global_colors_info=\"{}\"]<\/p>\n<p>In unserem Unternehmen ist dieser Service kostenlos.<\/p>\n<p>[\/et_pb_blurb][\/et_pb_column][et_pb_column type=\"1_3\" _builder_version=\"4.16\" _module_preset=\"default\" global_colors_info=\"{}\"][et_pb_blurb title=\"R\u00dcCKGABE DES FAHRZEUGS\" use_icon=\"on\" font_icon=\"&#xf2ea;||fa||900\" _builder_version=\"4.16\" _module_preset=\"default\" text_orientation=\"center\" animation_style=\"roll\" animation_duration=\"1ms\" animation_delay=\"500ms\" global_colors_info=\"{}\"]<\/p>\n<p>Das Auto muss im Allgemeinen an der Stelle zur\u00fcckgegeben werden, an der es geliefert wurde. In anderen F\u00e4llen kann es nach vorheriger Benachrichtigung an ein anderes B\u00fcro zur\u00fcckgegeben werden. Wir weisen darauf hin, dass dies keine zus\u00e4tzlichen Kosten verursacht.  <\/p>\n<p>[\/et_pb_blurb][\/et_pb_column][et_pb_column type=\"1_3\" _builder_version=\"4.16\" _module_preset=\"default\" global_colors_info=\"{}\"][et_pb_blurb title=\"SICHERE ENTSPANNUNG\" use_icon=\"on\" font_icon=\"&#xf5ca;||fa||900\" _builder_version=\"4.16\" _module_preset=\"default\" text_orientation=\"center\" animation_style=\"roll\" animation_duration=\"200ms\" animation_delay=\"600ms\" global_colors_info=\"{}\"]<\/p>\n<p>Unser Unternehmen verf\u00fcgt \u00fcber eine zus\u00e4tzliche Versicherung, um unseren Kunden mehr Sicherheit und Vertrauen zu geben, w\u00e4hrend sie ihren Urlaub genie\u00dfen, einschlie\u00dflich Pannenhilfe im Falle eines Unfalls; die Kosten f\u00fcr die Verwaltung von Bu\u00dfgeldern; unsachgem\u00e4\u00dfes Auftanken und; Verlust oder Bruch von Schl\u00fcsseln. Die Kosten f\u00fcr diese Versicherung betragen 5 Euro pro Tag. <\/p>\n<p>[\/et_pb_blurb][\/et_pb_column][\/et_pb_row][\/et_pb_section]<\/p>\n","protected":false},"excerpt":{"rendered":"<p>ZUSATZLEISTUNGEN5\u20ac pro Tag6\u20ac por d\u00eda6\u20ac por d\u00eda5\u20ac pro TagIn unserem Unternehmen ist dieser Service kostenlos.Das Auto muss im Allgemeinen an der Stelle zur\u00fcckgegeben werden, an der es geliefert wurde. In anderen F\u00e4llen kann es nach vorheriger Benachrichtigung an ein anderes B\u00fcro zur\u00fcckgegeben werden. Wir weisen darauf hin, dass dies keine zus\u00e4tzlichen Kosten verursacht. Unser Unternehmen [&hellip;]<\/p>\n","protected":false},"author":1,"featured_media":0,"parent":0,"menu_order":0,"comment_status":"closed","ping_status":"closed","template":"","meta":{"_et_pb_use_builder":"on","_et_pb_old_content":"","_et_gb_content_width":"","footnotes":""},"class_list":["post-388","page","type-page","status-publish","hentry"],"yoast_head":"<!-- This site is optimized with the Yoast SEO plugin v27.4 - https:\/\/yoast.com\/product\/yoast-seo-wordpress\/ -->\n<title>ZUSATZLEISTUNGEN - Car rental in Cala D\u2019or<\/title>\n<meta name=\"robots\" content=\"index, follow, max-snippet:-1, max-image-preview:large, max-video-preview:-1\" \/>\n<link rel=\"canonical\" href=\"https:\/\/rentautomotocalador.com\/de\/zusatzleistungen\/\" \/>\n<meta property=\"og:locale\" content=\"de_DE\" \/>\n<meta property=\"og:type\" content=\"article\" \/>\n<meta property=\"og:title\" content=\"ZUSATZLEISTUNGEN - Car rental in Cala D\u2019or\" \/>\n<meta property=\"og:description\" content=\"ZUSATZLEISTUNGEN5\u20ac pro Tag6\u20ac por d\u00eda6\u20ac por d\u00eda5\u20ac pro TagIn unserem Unternehmen ist dieser Service kostenlos.Das Auto muss im Allgemeinen an der Stelle zur\u00fcckgegeben werden, an der es geliefert wurde. In anderen F\u00e4llen kann es nach vorheriger Benachrichtigung an ein anderes B\u00fcro zur\u00fcckgegeben werden. Wir weisen darauf hin, dass dies keine zus\u00e4tzlichen Kosten verursacht. Unser Unternehmen [&hellip;]\" \/>\n<meta property=\"og:url\" content=\"https:\/\/rentautomotocalador.com\/de\/zusatzleistungen\/\" \/>\n<meta property=\"og:site_name\" content=\"Car rental in Cala D\u2019or\" \/>\n<meta property=\"article:modified_time\" content=\"2026-01-19T11:35:26+00:00\" \/>\n<meta property=\"og:image\" content=\"https:\/\/rentautomotocalador.com\/wp-content\/uploads\/2022\/02\/rentautomoto-logotipo.png\" \/>\n\t<meta property=\"og:image:width\" content=\"622\" \/>\n\t<meta property=\"og:image:height\" content=\"233\" \/>\n\t<meta property=\"og:image:type\" content=\"image\/png\" \/>\n<meta name=\"twitter:card\" content=\"summary_large_image\" \/>\n<meta name=\"twitter:label1\" content=\"Gesch\u00e4tzte Lesezeit\" \/>\n\t<meta name=\"twitter:data1\" content=\"3\u00a0Minuten\" \/>\n<script type=\"application\/ld+json\" class=\"yoast-schema-graph\">{\"@context\":\"https:\\\/\\\/schema.org\",\"@graph\":[{\"@type\":\"WebPage\",\"@id\":\"https:\\\/\\\/rentautomotocalador.com\\\/de\\\/zusatzleistungen\\\/\",\"url\":\"https:\\\/\\\/rentautomotocalador.com\\\/de\\\/zusatzleistungen\\\/\",\"name\":\"ZUSATZLEISTUNGEN - Car rental in Cala D\u2019or\",\"isPartOf\":{\"@id\":\"https:\\\/\\\/rentautomotocalador.com\\\/de\\\/#website\"},\"datePublished\":\"2022-02-07T09:54:22+00:00\",\"dateModified\":\"2026-01-19T11:35:26+00:00\",\"breadcrumb\":{\"@id\":\"https:\\\/\\\/rentautomotocalador.com\\\/de\\\/zusatzleistungen\\\/#breadcrumb\"},\"inLanguage\":\"de\",\"potentialAction\":[{\"@type\":\"ReadAction\",\"target\":[\"https:\\\/\\\/rentautomotocalador.com\\\/de\\\/zusatzleistungen\\\/\"]}]},{\"@type\":\"BreadcrumbList\",\"@id\":\"https:\\\/\\\/rentautomotocalador.com\\\/de\\\/zusatzleistungen\\\/#breadcrumb\",\"itemListElement\":[{\"@type\":\"ListItem\",\"position\":1,\"name\":\"Portada\",\"item\":\"https:\\\/\\\/rentautomotocalador.com\\\/de\\\/\"},{\"@type\":\"ListItem\",\"position\":2,\"name\":\"ZUSATZLEISTUNGEN\"}]},{\"@type\":\"WebSite\",\"@id\":\"https:\\\/\\\/rentautomotocalador.com\\\/de\\\/#website\",\"url\":\"https:\\\/\\\/rentautomotocalador.com\\\/de\\\/\",\"name\":\"Car rental in Cala D\u2019or\",\"description\":\"Rent Auto Moto, empresa familiar y honesta\",\"publisher\":{\"@id\":\"https:\\\/\\\/rentautomotocalador.com\\\/de\\\/#organization\"},\"alternateName\":\"Rent Auto Moto\",\"potentialAction\":[{\"@type\":\"SearchAction\",\"target\":{\"@type\":\"EntryPoint\",\"urlTemplate\":\"https:\\\/\\\/rentautomotocalador.com\\\/de\\\/?s={search_term_string}\"},\"query-input\":{\"@type\":\"PropertyValueSpecification\",\"valueRequired\":true,\"valueName\":\"search_term_string\"}}],\"inLanguage\":\"de\"},{\"@type\":\"Organization\",\"@id\":\"https:\\\/\\\/rentautomotocalador.com\\\/de\\\/#organization\",\"name\":\"Rent Auto Moto\",\"url\":\"https:\\\/\\\/rentautomotocalador.com\\\/de\\\/\",\"logo\":{\"@type\":\"ImageObject\",\"inLanguage\":\"de\",\"@id\":\"https:\\\/\\\/rentautomotocalador.com\\\/de\\\/#\\\/schema\\\/logo\\\/image\\\/\",\"url\":\"https:\\\/\\\/rentautomotocalador.com\\\/wp-content\\\/uploads\\\/2022\\\/02\\\/rentautomoto-logotipo.png\",\"contentUrl\":\"https:\\\/\\\/rentautomotocalador.com\\\/wp-content\\\/uploads\\\/2022\\\/02\\\/rentautomoto-logotipo.png\",\"width\":622,\"height\":233,\"caption\":\"Rent Auto Moto\"},\"image\":{\"@id\":\"https:\\\/\\\/rentautomotocalador.com\\\/de\\\/#\\\/schema\\\/logo\\\/image\\\/\"},\"sameAs\":[\"https:\\\/\\\/www.instagram.com\\\/rentautomoto_calador\\\/\"]}]}<\/script>\n<!-- \/ Yoast SEO plugin. -->","yoast_head_json":{"title":"ZUSATZLEISTUNGEN - Car rental in Cala D\u2019or","robots":{"index":"index","follow":"follow","max-snippet":"max-snippet:-1","max-image-preview":"max-image-preview:large","max-video-preview":"max-video-preview:-1"},"canonical":"https:\/\/rentautomotocalador.com\/de\/zusatzleistungen\/","og_locale":"de_DE","og_type":"article","og_title":"ZUSATZLEISTUNGEN - Car rental in Cala D\u2019or","og_description":"ZUSATZLEISTUNGEN5\u20ac pro Tag6\u20ac por d\u00eda6\u20ac por d\u00eda5\u20ac pro TagIn unserem Unternehmen ist dieser Service kostenlos.Das Auto muss im Allgemeinen an der Stelle zur\u00fcckgegeben werden, an der es geliefert wurde. In anderen F\u00e4llen kann es nach vorheriger Benachrichtigung an ein anderes B\u00fcro zur\u00fcckgegeben werden. Wir weisen darauf hin, dass dies keine zus\u00e4tzlichen Kosten verursacht. Unser Unternehmen [&hellip;]","og_url":"https:\/\/rentautomotocalador.com\/de\/zusatzleistungen\/","og_site_name":"Car rental in Cala D\u2019or","article_modified_time":"2026-01-19T11:35:26+00:00","og_image":[{"width":622,"height":233,"url":"https:\/\/rentautomotocalador.com\/wp-content\/uploads\/2022\/02\/rentautomoto-logotipo.png","type":"image\/png"}],"twitter_card":"summary_large_image","twitter_misc":{"Gesch\u00e4tzte Lesezeit":"3\u00a0Minuten"},"schema":{"@context":"https:\/\/schema.org","@graph":[{"@type":"WebPage","@id":"https:\/\/rentautomotocalador.com\/de\/zusatzleistungen\/","url":"https:\/\/rentautomotocalador.com\/de\/zusatzleistungen\/","name":"ZUSATZLEISTUNGEN - Car rental in Cala D\u2019or","isPartOf":{"@id":"https:\/\/rentautomotocalador.com\/de\/#website"},"datePublished":"2022-02-07T09:54:22+00:00","dateModified":"2026-01-19T11:35:26+00:00","breadcrumb":{"@id":"https:\/\/rentautomotocalador.com\/de\/zusatzleistungen\/#breadcrumb"},"inLanguage":"de","potentialAction":[{"@type":"ReadAction","target":["https:\/\/rentautomotocalador.com\/de\/zusatzleistungen\/"]}]},{"@type":"BreadcrumbList","@id":"https:\/\/rentautomotocalador.com\/de\/zusatzleistungen\/#breadcrumb","itemListElement":[{"@type":"ListItem","position":1,"name":"Portada","item":"https:\/\/rentautomotocalador.com\/de\/"},{"@type":"ListItem","position":2,"name":"ZUSATZLEISTUNGEN"}]},{"@type":"WebSite","@id":"https:\/\/rentautomotocalador.com\/de\/#website","url":"https:\/\/rentautomotocalador.com\/de\/","name":"Car rental in Cala D\u2019or","description":"Rent Auto Moto, empresa familiar y honesta","publisher":{"@id":"https:\/\/rentautomotocalador.com\/de\/#organization"},"alternateName":"Rent Auto Moto","potentialAction":[{"@type":"SearchAction","target":{"@type":"EntryPoint","urlTemplate":"https:\/\/rentautomotocalador.com\/de\/?s={search_term_string}"},"query-input":{"@type":"PropertyValueSpecification","valueRequired":true,"valueName":"search_term_string"}}],"inLanguage":"de"},{"@type":"Organization","@id":"https:\/\/rentautomotocalador.com\/de\/#organization","name":"Rent Auto Moto","url":"https:\/\/rentautomotocalador.com\/de\/","logo":{"@type":"ImageObject","inLanguage":"de","@id":"https:\/\/rentautomotocalador.com\/de\/#\/schema\/logo\/image\/","url":"https:\/\/rentautomotocalador.com\/wp-content\/uploads\/2022\/02\/rentautomoto-logotipo.png","contentUrl":"https:\/\/rentautomotocalador.com\/wp-content\/uploads\/2022\/02\/rentautomoto-logotipo.png","width":622,"height":233,"caption":"Rent Auto Moto"},"image":{"@id":"https:\/\/rentautomotocalador.com\/de\/#\/schema\/logo\/image\/"},"sameAs":["https:\/\/www.instagram.com\/rentautomoto_calador\/"]}]}},"_links":{"self":[{"href":"https:\/\/rentautomotocalador.com\/de\/wp-json\/wp\/v2\/pages\/388","targetHints":{"allow":["GET"]}}],"collection":[{"href":"https:\/\/rentautomotocalador.com\/de\/wp-json\/wp\/v2\/pages"}],"about":[{"href":"https:\/\/rentautomotocalador.com\/de\/wp-json\/wp\/v2\/types\/page"}],"author":[{"embeddable":true,"href":"https:\/\/rentautomotocalador.com\/de\/wp-json\/wp\/v2\/users\/1"}],"replies":[{"embeddable":true,"href":"https:\/\/rentautomotocalador.com\/de\/wp-json\/wp\/v2\/comments?post=388"}],"version-history":[{"count":9,"href":"https:\/\/rentautomotocalador.com\/de\/wp-json\/wp\/v2\/pages\/388\/revisions"}],"predecessor-version":[{"id":727,"href":"https:\/\/rentautomotocalador.com\/de\/wp-json\/wp\/v2\/pages\/388\/revisions\/727"}],"wp:attachment":[{"href":"https:\/\/rentautomotocalador.com\/de\/wp-json\/wp\/v2\/media?parent=388"}],"curies":[{"name":"wp","href":"https:\/\/api.w.org\/{rel}","templated":true}]}}